{"id":35,"date":"2023-05-17T22:10:06","date_gmt":"2023-05-17T20:10:06","guid":{"rendered":"http:\/\/dufonweddingfilms.com\/jeremy.fondus@sfr.fr\/index.php\/contact\/"},"modified":"2023-05-21T22:52:08","modified_gmt":"2023-05-21T20:52:08","slug":"contact","status":"publish","type":"page","link":"https:\/\/dufonweddingfilms.com\/jeremy.fondus@sfr.fr\/index.php\/contact\/","title":{"rendered":"Contact"},"content":{"rendered":"\n    <div\n      class=\"alignfull flex-block flex-block--blockID--15377\"\n      data-block-id=\"blockID--15377\" \n      id=\"flex-blockid--15377\"\n      \n    >\n    <style> @media only screen and (min-width: 768px) { .flex-block--blockID--15377 { --html-font-size: 1.25vw; --height:47.5em; --bg-color: var(--scheme_1--background--default); --margin-top: 0em; --margin-bottom: 0em; } } @media only screen and (max-width: 767px) { .flex-block--blockID--15377 { --html-font-size: 4.2666666666667vw; --height: 46.6667em; --bg-color: var(--scheme_1--background--default); --margin-top: 0em; --margin-bottom: 0em; } } <\/style>\n    <div class=\"flex-block__main-container server-rendered\"><style> .flex-block__element--block-blockID--15377.flex-block__element--element_id_41740, .flex-element-animation-helper[data-id='element_id_41740'][data-block-id='blockID--15377'] { --el-width: 80em; --el-width-tablet: 80em; --el-height: 31.24122em; --el-height-tablet: 31.24122em; --el-actual-height: 31.24122em; --el-actual-height-tablet: 31.24122em; --position-top: 0.04684em; --position-top-tablet: 0.04684em; --position-left: 0.02342em; --position-left-tablet: 0.02342em; --rotateDeg: 0deg; --z-index: 1; opacity: 1;--border-radius: 0px; --object-size: cover; --object-position-x: 50%; --object-position-y: 50%; } @media only screen and (max-width: 767px) { .flex-block__element--block-blockID--15377.flex-block__element--element_id_41740, .flex-element-animation-helper[data-id='element_id_41740'][data-block-id='blockID--15377'] { --el-width: 23.4375em; --el-width-tablet: 23.4375em; --el-height: 24.375em; --el-height-tablet: 24.375em; --el-actual-height: 24.375em; --el-actual-height-tablet: 24.375em; --position-top: 0em; --position-top-tablet: 0em; --position-left: 0em; --position-left-tablet: 0em; --rotateDeg: 0deg; --z-index: 1; opacity: 1;--border-radius: 0px; --object-size: cover; --object-position-x: 50%; --object-position-y: 50%; } } \/*ANIMATION START*\/\/*ANIMATION END*\/ .flex-block__element--block-blockID--15377.flex-block__element--element_id_63478, .flex-element-animation-helper[data-id='element_id_63478'][data-block-id='blockID--15377'] { --el-width: 43.875em; --el-width-tablet: 43.875em; --el-height: 1.06228em; --el-height-tablet: 1.06228em; --el-actual-height: 1.06228em; --el-actual-height-tablet: 1.06228em; --position-top: 9.625em; --position-top-tablet: 9.625em; --position-left: 18.0625em; --position-left-tablet: 18.0625em; --rotateDeg: 0deg; --z-index: 6; --border-radius: 0px; --text-vertical-align: flex-start; --text-align: center; --el-height: auto; --el-paddings: 0em 0em; } @media only screen and (max-width: 767px) { .flex-block__element--block-blockID--15377.flex-block__element--element_id_63478, .flex-element-animation-helper[data-id='element_id_63478'][data-block-id='blockID--15377'] { --el-width: 19.6875em; --el-width-tablet: 19.6875em; --el-height: 1.05556em; --el-height-tablet: 1.05556em; --el-actual-height: 1.05556em; --el-actual-height-tablet: 1.05556em; --position-top: 7.40278em; --position-top-tablet: 7.40278em; --position-left: 1.875em; --position-left-tablet: 1.875em; --rotateDeg: 0deg; --z-index: 6; --border-radius: 0px; --text-vertical-align: flex-start; --text-align: center; --el-height: auto; --el-paddings: 0em 0em; } } \/*ANIMATION START*\/\/*ANIMATION END*\/ .flex-block__element--block-blockID--15377.flex-block__element--element_id_86598, .flex-element-animation-helper[data-id='element_id_86598'][data-block-id='blockID--15377'] { --el-width: 33.125em; --el-width-tablet: 33.125em; --el-height: 2.74993em; --el-height-tablet: 2.74993em; --el-actual-height: 2.74993em; --el-actual-height-tablet: 2.74993em; --position-top: 11.375em; --position-top-tablet: 11.375em; --position-left: 23.4375em; --position-left-tablet: 23.4375em; --rotateDeg: 0deg; --z-index: 5; --border-radius: 0px; --text-vertical-align: flex-start; --text-align: center; --el-height: auto; --el-paddings: 0em 0em; } @media only screen and (max-width: 767px) { .flex-block__element--block-blockID--15377.flex-block__element--element_id_86598, .flex-element-animation-helper[data-id='element_id_86598'][data-block-id='blockID--15377'] { --el-width: 19.6875em; --el-width-tablet: 19.6875em; --el-height: 2.44444em; --el-height-tablet: 2.44444em; --el-actual-height: 2.44444em; --el-actual-height-tablet: 2.44444em; --position-top: 9.16667em; --position-top-tablet: 9.16667em; --position-left: 1.875em; --position-left-tablet: 1.875em; --rotateDeg: 0deg; --z-index: 5; --border-radius: 0px; --text-vertical-align: flex-start; --text-align: center; --el-height: auto; --el-paddings: 0em 0em; } } \/*ANIMATION START*\/\/*ANIMATION END*\/ .flex-block__element--block-blockID--15377.flex-block__element--element_id_48553, .flex-element-animation-helper[data-id='element_id_48553'][data-block-id='blockID--15377'] { --el-width: 43.875em; --el-width-tablet: 43.875em; --el-height: 1.57494em; --el-height-tablet: 1.57494em; --el-actual-height: 1.57494em; --el-actual-height-tablet: 1.57494em; --position-top: 14.75em; --position-top-tablet: 14.75em; --position-left: 18.0625em; --position-left-tablet: 18.0625em; --rotateDeg: 0deg; --z-index: 4; --border-radius: 0px; --text-vertical-align: flex-start; --text-align: center; --el-height: auto; --el-paddings: 0em 0em; } @media only screen and (max-width: 767px) { .flex-block__element--block-blockID--15377.flex-block__element--element_id_48553, .flex-element-animation-helper[data-id='element_id_48553'][data-block-id='blockID--15377'] { --el-width: 19.6875em; --el-width-tablet: 19.6875em; --el-height: 1.77778em; --el-height-tablet: 1.77778em; --el-actual-height: 1.77778em; --el-actual-height-tablet: 1.77778em; --position-top: 12.1875em; --position-top-tablet: 12.1875em; --position-left: 1.875em; --position-left-tablet: 1.875em; --rotateDeg: 0deg; --z-index: 4; --border-radius: 0px; --text-vertical-align: flex-start; --text-align: center; --el-height: auto; --el-paddings: 0em 0em; } } \/*ANIMATION START*\/\/*ANIMATION END*\/ .flex-block__element--block-blockID--15377.flex-block__element--element_id_98788, .flex-element-animation-helper[data-id='element_id_98788'][data-block-id='blockID--15377'] { --el-width: 68.75em; --el-width-tablet: 68.75em; --el-height: 17.6875em; --el-height-tablet: 17.6875em; --el-actual-height: 17.6875em; --el-actual-height-tablet: 17.6875em; --position-top: 25.875em; --position-top-tablet: 25.875em; --position-left: 5.625em; --position-left-tablet: 5.625em; --rotateDeg: 0deg; --z-index: 2; --border-radius: 0px; --backgroundColor: var(--scheme_1--background--accent); } @media only screen and (max-width: 767px) { .flex-block__element--block-blockID--15377.flex-block__element--element_id_98788, .flex-element-animation-helper[data-id='element_id_98788'][data-block-id='blockID--15377'] { --el-width: 19.6875em; --el-width-tablet: 19.6875em; --el-height: 23.48267em; --el-height-tablet: 23.48267em; --el-actual-height: 23.48267em; --el-actual-height-tablet: 23.48267em; --position-top: 21.06667em; --position-top-tablet: 21.06667em; --position-left: 1.87499em; --position-left-tablet: 1.87499em; --rotateDeg: 0deg; --z-index: 2; --border-radius: 0px; --backgroundColor: var(--scheme_1--background--accent); } } \/*ANIMATION START*\/\/*ANIMATION END*\/\/*ANIMATION START*\/\/*ANIMATION END*\/ .flex-block__element--block-blockID--15377.flex-block__element--element_id_54374, .flex-element-animation-helper[data-id='element_id_54374'][data-block-id='blockID--15377'] { --el-width: 50.02342em; --el-width-tablet: 50.02342em; --el-height: 15.74867em; --el-height-tablet: 15.74867em; --el-actual-height: 15.74867em; --el-actual-height-tablet: 15.74867em; --position-top: 26.83841em; --position-top-tablet: 26.83841em; --position-left: 14.96487em; --position-left-tablet: 14.96487em; --rotateDeg: 0deg; --z-index: 3; --border-radius: 0px; --text-vertical-align: flex-start; --text-align: center; --el-height: auto; --el-paddings: 0em 0em; } @media only screen and (max-width: 767px) { .flex-block__element--block-blockID--15377.flex-block__element--element_id_54374, .flex-element-animation-helper[data-id='element_id_54374'][data-block-id='blockID--15377'] { --el-width: 16.0625em; --el-width-tablet: 16.0625em; --el-height: 18.94444em; --el-height-tablet: 18.94444em; --el-actual-height: 18.94444em; --el-actual-height-tablet: 18.94444em; --position-top: 23.5em; --position-top-tablet: 23.5em; --position-left: 3.6875em; --position-left-tablet: 3.6875em; --rotateDeg: 0deg; --z-index: 3; --border-radius: 0px; --text-vertical-align: flex-start; --text-align: center; --el-height: auto; --el-paddings: 0em 0em; } } \/*ANIMATION START*\/\/*ANIMATION END*\/<\/style><div\n    class=\"flex-block__element flex-block__element--element_id_41740 flex-block__element--image    flex-block__element--block-blockID--15377   flex-block__element--synced \"\n    style=\"\n  \"><img class=\"flex-img-tag \" alt=\"\" sizes=\"(max-width: 767px) calc(23.4375 * 4.2666666666667vw), calc(80 * 1.25vw)\" data-srcset=\"https:\/\/dufonweddingfilms.com\/jeremy.fondus@sfr.fr\/wp-content\/uploads\/2023\/05\/Capture-decran-2023-05-18-a-01.10.15.png 3456w, https:\/\/dufonweddingfilms.com\/jeremy.fondus@sfr.fr\/wp-content\/uploads\/2023\/05\/Capture-decran-2023-05-18-a-01.10.15-300x137.png 300w, https:\/\/dufonweddingfilms.com\/jeremy.fondus@sfr.fr\/wp-content\/uploads\/2023\/05\/Capture-decran-2023-05-18-a-01.10.15-1024x467.png 1024w, https:\/\/dufonweddingfilms.com\/jeremy.fondus@sfr.fr\/wp-content\/uploads\/2023\/05\/Capture-decran-2023-05-18-a-01.10.15-768x350.png 768w, https:\/\/dufonweddingfilms.com\/jeremy.fondus@sfr.fr\/wp-content\/uploads\/2023\/05\/Capture-decran-2023-05-18-a-01.10.15-1536x700.png 1536w, https:\/\/dufonweddingfilms.com\/jeremy.fondus@sfr.fr\/wp-content\/uploads\/2023\/05\/Capture-decran-2023-05-18-a-01.10.15-2048x933.png 2048w\"  data-src=\"http:\/\/dufonweddingfilms.com\/jeremy.fondus@sfr.fr\/wp-content\/uploads\/2023\/05\/Capture-decran-2023-05-18-a-01.10.15.png\" \/><\/div>\n    <div class=\"flex-block__element flex-block__element--element_id_63478 flex-block__element--text  flex-block__element--block-blockID--15377  flex-block__element--editorTagsFix  flex-block__element--synced \" style=\"\">\n      <div data-font='third_level\/overline_1' class=\"flex-block__text-content  height-auto\">\n        <p><span style=\"color:rgb(255, 255, 255)\">F\u00e9licitation <\/span><\/p>\n      <\/div>\n    <\/div>\n  \n    <div class=\"flex-block__element flex-block__element--element_id_86598 flex-block__element--text  flex-block__element--block-blockID--15377  flex-block__element--editorTagsFix  flex-block__element--synced \" style=\"\">\n      <div data-font='title_1\/large' class=\"flex-block__text-content  height-auto\">\n        <p><span style=\"color:var(--scheme_1--background--default)\">Parlez-nous de votre mariage<\/span><\/p>\n      <\/div>\n    <\/div>\n  \n    <div class=\"flex-block__element flex-block__element--element_id_48553 flex-block__element--text  flex-block__element--block-blockID--15377  flex-block__element--editorTagsFix  flex-block__element--synced \" style=\"\">\n      <div data-font='title_2\/xsmall' class=\"flex-block__text-content  height-auto\">\n        <p><span style=\"color:var(--scheme_1--background--default)\">Contactez-nous maintenant !<\/span><\/p>\n      <\/div>\n    <\/div>\n  <script data-element-id=\"flex-block__element--element_id_98788\" data-element-device=\"desktop\" type=\"text\/template\">&lt;div class=&quot;flex-block__element flex-block__element--element_id_98788 flex-block__element--shape   flex-block__element--block-blockID--15377  &quot; style=&quot;&quot;&gt;&lt;\/div&gt;<\/script><script data-element-id=\"flex-block__element--element_id_98788\" data-element-device=\"mobile\" type=\"text\/template\">&lt;div class=&quot;flex-block__element flex-block__element--element_id_98788 flex-block__element--shape   flex-block__element--block-blockID--15377  &quot; style=&quot;&quot;&gt;&lt;\/div&gt;<\/script>\n    <div class=\"flex-block__element flex-block__element--element_id_54374 flex-block__element--text  flex-block__element--block-blockID--15377  flex-block__element--editorTagsFix  flex-block__element--synced \" style=\"\">\n      <div data-font='second_level\/paragraph' class=\"flex-block__text-content  height-auto\">\n        <p>Bienvenue sur ma page de contact d\u00e9di\u00e9e \u00e0 la vid\u00e9o de mariage !<\/p><p>N&#x27;h\u00e9sitez pas \u00e0 utiliser le formulaire de contact ci-dessous pour me faire part de vos questions ou de vos demandes. Je m&#x27;engage \u00e0 vous r\u00e9pondre rapidement et \u00e0 fournir des informations claires et d\u00e9taill\u00e9es.<\/p><p>Je suis impatient de faire votre connaissance, d&#x27;entendre votre histoire et de cr\u00e9er un film de mariage exceptionnel qui restera \u00e0 jamais dans votre c\u0153ur. Laissez-moi capturer les moments pr\u00e9cieux de votre journ\u00e9e et transformer votre mariage en une \u0153uvre d&#x27;art cin\u00e9matographique.<\/p><p>Remplissez le formulaire de contact ou utilisez les coordonn\u00e9es fournies pour me contacter directement. Je suis l\u00e0 pour vous accompagner dans votre parcours vers un film de mariage extraordinaire.<\/p><p>Merci de votre int\u00e9r\u00eat et \u00e0 bient\u00f4t !<\/p>\n      <\/div>\n    <\/div>\n  <\/div><\/div>\n\n\n\n\n<p><\/p>\n","protected":false},"excerpt":{"rendered":"","protected":false},"author":1,"featured_media":0,"parent":0,"menu_order":0,"comment_status":"closed","ping_status":"closed","template":"","meta":{"footnotes":""},"class_list":["post-35","page","type-page","status-publish","hentry"],"fbg_featured_image_src":{"full":false,"thumbnail":false,"medium":false,"medium_large":false,"large":false,"1536x1536":false,"2048x2048":false},"fbg_excerpt":null,"_links":{"self":[{"href":"https:\/\/dufonweddingfilms.com\/jeremy.fondus@sfr.fr\/index.php\/wp-json\/wp\/v2\/pages\/35","targetHints":{"allow":["GET"]}}],"collection":[{"href":"https:\/\/dufonweddingfilms.com\/jeremy.fondus@sfr.fr\/index.php\/wp-json\/wp\/v2\/pages"}],"about":[{"href":"https:\/\/dufonweddingfilms.com\/jeremy.fondus@sfr.fr\/index.php\/wp-json\/wp\/v2\/types\/page"}],"author":[{"embeddable":true,"href":"https:\/\/dufonweddingfilms.com\/jeremy.fondus@sfr.fr\/index.php\/wp-json\/wp\/v2\/users\/1"}],"replies":[{"embeddable":true,"href":"https:\/\/dufonweddingfilms.com\/jeremy.fondus@sfr.fr\/index.php\/wp-json\/wp\/v2\/comments?post=35"}],"version-history":[{"count":3,"href":"https:\/\/dufonweddingfilms.com\/jeremy.fondus@sfr.fr\/index.php\/wp-json\/wp\/v2\/pages\/35\/revisions"}],"predecessor-version":[{"id":248,"href":"https:\/\/dufonweddingfilms.com\/jeremy.fondus@sfr.fr\/index.php\/wp-json\/wp\/v2\/pages\/35\/revisions\/248"}],"wp:attachment":[{"href":"https:\/\/dufonweddingfilms.com\/jeremy.fondus@sfr.fr\/index.php\/wp-json\/wp\/v2\/media?parent=35"}],"curies":[{"name":"wp","href":"https:\/\/api.w.org\/{rel}","templated":true}]}}